{"id":91,"date":"2025-06-07T17:39:37","date_gmt":"2025-06-07T15:39:37","guid":{"rendered":"http:\/\/wordpresslocal\/wordpress\/?page_id=91"},"modified":"2026-01-18T10:50:22","modified_gmt":"2026-01-18T09:50:22","slug":"telechargements","status":"publish","type":"page","link":"https:\/\/gv-antibes.fr\/index.php\/telechargements\/","title":{"rendered":"T\u00e9l\u00e9chargements"},"content":{"rendered":"\t\t<div data-elementor-type=\"wp-page\" data-elementor-id=\"91\" class=\"elementor elementor-91\">\n\t\t\t\t<div class=\"elementor-element elementor-element-a7a26d2 e-con-full e-flex e-con e-parent\" data-id=\"a7a26d2\" data-element_type=\"container\" data-e-type=\"container\">\n\t\t\t\t<div class=\"elementor-element elementor-element-be30751 elementor-widget elementor-widget-heading\" data-id=\"be30751\" data-element_type=\"widget\" data-e-type=\"widget\" data-widget_type=\"heading.default\">\n\t\t\t\t<div class=\"elementor-widget-container\">\n\t\t\t\t\t<h1 class=\"elementor-heading-title elementor-size-default\">Vous pouvez t\u00e9l\u00e9charger votre fiche d'inscription ainsi que le questionnaire de sant\u00e9 pour les imprimer. Aucune inscription ne sera valid\u00e9e sans \nle bulletin d\u2019adh\u00e9sion sign\u00e9, le questionnaire de sant\u00e9 et le r\u00e8glement de la cotisation.<\/h1>\t\t\t\t<\/div>\n\t\t\t\t<\/div>\n\t\t\t\t<\/div>\n\t\t<div class=\"elementor-element elementor-element-18c43c1 e-flex e-con-boxed e-con e-parent\" data-id=\"18c43c1\" data-element_type=\"container\" data-e-type=\"container\">\n\t\t\t\t\t<div class=\"e-con-inner\">\n\t\t\t\t<div class=\"elementor-element elementor-element-6fcb236 elementor-widget-divider--view-line elementor-widget elementor-widget-divider\" data-id=\"6fcb236\" data-element_type=\"widget\" data-e-type=\"widget\" data-widget_type=\"divider.default\">\n\t\t\t\t<div class=\"elementor-widget-container\">\n\t\t\t\t\t\t\t<div class=\"elementor-divider\">\n\t\t\t<span class=\"elementor-divider-separator\">\n\t\t\t\t\t\t<\/span>\n\t\t<\/div>\n\t\t\t\t\t\t<\/div>\n\t\t\t\t<\/div>\n\t\t\t\t\t<\/div>\n\t\t\t\t<\/div>\n\t\t<div class=\"elementor-element elementor-element-b252ed8 e-con-full e-flex e-con e-parent\" data-id=\"b252ed8\" data-element_type=\"container\" data-e-type=\"container\">\n\t\t\t\t<div class=\"elementor-element elementor-element-6a1e938 elementor-widget elementor-widget-heading\" data-id=\"6a1e938\" data-element_type=\"widget\" data-e-type=\"widget\" data-widget_type=\"heading.default\">\n\t\t\t\t<div class=\"elementor-widget-container\">\n\t\t\t\t\t<h2 class=\"elementor-heading-title elementor-size-default\">Fiche d'inscription :<\/h2>\t\t\t\t<\/div>\n\t\t\t\t<\/div>\n\t\t\t\t<\/div>\n\t\t<div class=\"elementor-element elementor-element-1a0f996 e-con-full e-flex e-con e-parent\" data-id=\"1a0f996\" data-element_type=\"container\" data-e-type=\"container\">\n\t\t\t\t<div class=\"elementor-element elementor-element-b268183 elementor-button-success elementor-align-center elementor-widget elementor-widget-button\" data-id=\"b268183\" data-element_type=\"widget\" data-e-type=\"widget\" data-widget_type=\"button.default\">\n\t\t\t\t<div class=\"elementor-widget-container\">\n\t\t\t\t\t\t\t\t\t<div class=\"elementor-button-wrapper\">\n\t\t\t\t\t<a class=\"elementor-button elementor-button-link elementor-size-sm\" href=\"https:\/\/gv-antibes.fr\/wp-content\/uploads\/2026\/01\/Bulletin-dadhesion-formulaire-1.pdf\" target=\"_blank\">\n\t\t\t\t\t\t<span class=\"elementor-button-content-wrapper\">\n\t\t\t\t\t\t\t\t\t<span class=\"elementor-button-text\">Cliquez ici<\/span>\n\t\t\t\t\t<\/span>\n\t\t\t\t\t<\/a>\n\t\t\t\t<\/div>\n\t\t\t\t\t\t\t\t<\/div>\n\t\t\t\t<\/div>\n\t\t\t\t<div class=\"elementor-element elementor-element-61a17a3 elementor-widget elementor-widget-spacer\" data-id=\"61a17a3\" data-element_type=\"widget\" data-e-type=\"widget\" data-widget_type=\"spacer.default\">\n\t\t\t\t<div class=\"elementor-widget-container\">\n\t\t\t\t\t\t\t<div class=\"elementor-spacer\">\n\t\t\t<div class=\"elementor-spacer-inner\"><\/div>\n\t\t<\/div>\n\t\t\t\t\t\t<\/div>\n\t\t\t\t<\/div>\n\t\t\t\t<\/div>\n\t\t<div class=\"elementor-element elementor-element-d542eba e-con-full e-flex e-con e-parent\" data-id=\"d542eba\" data-element_type=\"container\" data-e-type=\"container\">\n\t\t\t\t<div class=\"elementor-element elementor-element-08344ed elementor-widget elementor-widget-heading\" data-id=\"08344ed\" data-element_type=\"widget\" data-e-type=\"widget\" data-widget_type=\"heading.default\">\n\t\t\t\t<div class=\"elementor-widget-container\">\n\t\t\t\t\t<h2 class=\"elementor-heading-title elementor-size-default\">Questionnaire de sant\u00e9<\/h2>\t\t\t\t<\/div>\n\t\t\t\t<\/div>\n\t\t\t\t<\/div>\n\t\t<div class=\"elementor-element elementor-element-98236c9 e-con-full e-flex e-con e-parent\" data-id=\"98236c9\" data-element_type=\"container\" data-e-type=\"container\">\n\t\t\t\t<div class=\"elementor-element elementor-element-3b78e17 elementor-button-success elementor-align-center elementor-widget elementor-widget-button\" data-id=\"3b78e17\" data-element_type=\"widget\" data-e-type=\"widget\" data-widget_type=\"button.default\">\n\t\t\t\t<div class=\"elementor-widget-container\">\n\t\t\t\t\t\t\t\t\t<div class=\"elementor-button-wrapper\">\n\t\t\t\t\t<a class=\"elementor-button elementor-button-link elementor-size-sm\" href=\"https:\/\/gv-antibes.fr\/wp-content\/uploads\/2025\/09\/Questionnaire-de-sante-.pdf\" target=\"_blank\">\n\t\t\t\t\t\t<span class=\"elementor-button-content-wrapper\">\n\t\t\t\t\t\t\t\t\t<span class=\"elementor-button-text\">Cliquez ici<\/span>\n\t\t\t\t\t<\/span>\n\t\t\t\t\t<\/a>\n\t\t\t\t<\/div>\n\t\t\t\t\t\t\t\t<\/div>\n\t\t\t\t<\/div>\n\t\t\t\t<\/div>\n\t\t\t\t<\/div>\n\t\t","protected":false},"excerpt":{"rendered":"<p>Vous pouvez t\u00e9l\u00e9charger votre fiche d&rsquo;inscription ainsi que le questionnaire de sant\u00e9 pour les imprimer. Aucune inscription ne sera valid\u00e9e sans le bulletin d\u2019adh\u00e9sion sign\u00e9, le questionnaire de sant\u00e9 et le r\u00e8glement de la cotisation. Fiche d&rsquo;inscription : Cliquez ici Questionnaire de sant\u00e9 Cliquez ici<\/p>\n","protected":false},"author":1,"featured_media":0,"parent":0,"menu_order":0,"comment_status":"closed","ping_status":"closed","template":"","meta":{"footnotes":""},"class_list":["post-91","page","type-page","status-publish","hentry","entry"],"yoast_head":"<!-- This site is optimized with the Yoast SEO plugin v27.4 - https:\/\/yoast.com\/product\/yoast-seo-wordpress\/ -->\n<title>T\u00e9l\u00e9chargements - gv-antibes<\/title>\n<meta name=\"robots\" content=\"index, follow, max-snippet:-1, max-image-preview:large, max-video-preview:-1\" \/>\n<link rel=\"canonical\" href=\"https:\/\/gv-antibes.fr\/index.php\/telechargements\/\" \/>\n<meta property=\"og:locale\" content=\"fr_FR\" \/>\n<meta property=\"og:type\" content=\"article\" \/>\n<meta property=\"og:title\" content=\"T\u00e9l\u00e9chargements - gv-antibes\" \/>\n<meta property=\"og:description\" content=\"Vous pouvez t\u00e9l\u00e9charger votre fiche d&rsquo;inscription ainsi que le questionnaire de sant\u00e9 pour les imprimer. Aucune inscription ne sera valid\u00e9e sans le bulletin d\u2019adh\u00e9sion sign\u00e9, le questionnaire de sant\u00e9 et le r\u00e8glement de la cotisation. Fiche d&rsquo;inscription : Cliquez ici Questionnaire de sant\u00e9 Cliquez ici\" \/>\n<meta property=\"og:url\" content=\"https:\/\/gv-antibes.fr\/index.php\/telechargements\/\" \/>\n<meta property=\"og:site_name\" content=\"gv-antibes\" \/>\n<meta property=\"article:modified_time\" content=\"2026-01-18T09:50:22+00:00\" \/>\n<meta name=\"twitter:card\" content=\"summary_large_image\" \/>\n<meta name=\"twitter:label1\" content=\"Dur\u00e9e de lecture estim\u00e9e\" \/>\n\t<meta name=\"twitter:data1\" content=\"1 minute\" \/>\n<script type=\"application\/ld+json\" class=\"yoast-schema-graph\">{\"@context\":\"https:\\\/\\\/schema.org\",\"@graph\":[{\"@type\":\"WebPage\",\"@id\":\"https:\\\/\\\/gv-antibes.fr\\\/index.php\\\/telechargements\\\/\",\"url\":\"https:\\\/\\\/gv-antibes.fr\\\/index.php\\\/telechargements\\\/\",\"name\":\"T\u00e9l\u00e9chargements - gv-antibes\",\"isPartOf\":{\"@id\":\"https:\\\/\\\/gv-antibes.fr\\\/#website\"},\"datePublished\":\"2025-06-07T15:39:37+00:00\",\"dateModified\":\"2026-01-18T09:50:22+00:00\",\"breadcrumb\":{\"@id\":\"https:\\\/\\\/gv-antibes.fr\\\/index.php\\\/telechargements\\\/#breadcrumb\"},\"inLanguage\":\"fr-FR\",\"potentialAction\":[{\"@type\":\"ReadAction\",\"target\":[\"https:\\\/\\\/gv-antibes.fr\\\/index.php\\\/telechargements\\\/\"]}]},{\"@type\":\"BreadcrumbList\",\"@id\":\"https:\\\/\\\/gv-antibes.fr\\\/index.php\\\/telechargements\\\/#breadcrumb\",\"itemListElement\":[{\"@type\":\"ListItem\",\"position\":1,\"name\":\"Accueil\",\"item\":\"https:\\\/\\\/gv-antibes.fr\\\/\"},{\"@type\":\"ListItem\",\"position\":2,\"name\":\"T\u00e9l\u00e9chargements\"}]},{\"@type\":\"WebSite\",\"@id\":\"https:\\\/\\\/gv-antibes.fr\\\/#website\",\"url\":\"https:\\\/\\\/gv-antibes.fr\\\/\",\"name\":\"GV-Antibes.fr\",\"description\":\"Gymnastique Volontaire Antibes\",\"publisher\":{\"@id\":\"https:\\\/\\\/gv-antibes.fr\\\/#organization\"},\"potentialAction\":[{\"@type\":\"SearchAction\",\"target\":{\"@type\":\"EntryPoint\",\"urlTemplate\":\"https:\\\/\\\/gv-antibes.fr\\\/?s={search_term_string}\"},\"query-input\":{\"@type\":\"PropertyValueSpecification\",\"valueRequired\":true,\"valueName\":\"search_term_string\"}}],\"inLanguage\":\"fr-FR\"},{\"@type\":\"Organization\",\"@id\":\"https:\\\/\\\/gv-antibes.fr\\\/#organization\",\"name\":\"Gymnastique Volontaire Antibes\",\"alternateName\":\"GV Antibes\",\"url\":\"https:\\\/\\\/gv-antibes.fr\\\/\",\"logo\":{\"@type\":\"ImageObject\",\"inLanguage\":\"fr-FR\",\"@id\":\"https:\\\/\\\/gv-antibes.fr\\\/#\\\/schema\\\/logo\\\/image\\\/\",\"url\":\"https:\\\/\\\/gv-antibes.fr\\\/wp-content\\\/uploads\\\/2025\\\/06\\\/logo-transparent-png-scaled.png\",\"contentUrl\":\"https:\\\/\\\/gv-antibes.fr\\\/wp-content\\\/uploads\\\/2025\\\/06\\\/logo-transparent-png-scaled.png\",\"width\":2531,\"height\":2560,\"caption\":\"Gymnastique Volontaire Antibes\"},\"image\":{\"@id\":\"https:\\\/\\\/gv-antibes.fr\\\/#\\\/schema\\\/logo\\\/image\\\/\"}}]}<\/script>\n<!-- \/ Yoast SEO plugin. -->","yoast_head_json":{"title":"T\u00e9l\u00e9chargements - gv-antibes","robots":{"index":"index","follow":"follow","max-snippet":"max-snippet:-1","max-image-preview":"max-image-preview:large","max-video-preview":"max-video-preview:-1"},"canonical":"https:\/\/gv-antibes.fr\/index.php\/telechargements\/","og_locale":"fr_FR","og_type":"article","og_title":"T\u00e9l\u00e9chargements - gv-antibes","og_description":"Vous pouvez t\u00e9l\u00e9charger votre fiche d&rsquo;inscription ainsi que le questionnaire de sant\u00e9 pour les imprimer. Aucune inscription ne sera valid\u00e9e sans le bulletin d\u2019adh\u00e9sion sign\u00e9, le questionnaire de sant\u00e9 et le r\u00e8glement de la cotisation. Fiche d&rsquo;inscription : Cliquez ici Questionnaire de sant\u00e9 Cliquez ici","og_url":"https:\/\/gv-antibes.fr\/index.php\/telechargements\/","og_site_name":"gv-antibes","article_modified_time":"2026-01-18T09:50:22+00:00","twitter_card":"summary_large_image","twitter_misc":{"Dur\u00e9e de lecture estim\u00e9e":"1 minute"},"schema":{"@context":"https:\/\/schema.org","@graph":[{"@type":"WebPage","@id":"https:\/\/gv-antibes.fr\/index.php\/telechargements\/","url":"https:\/\/gv-antibes.fr\/index.php\/telechargements\/","name":"T\u00e9l\u00e9chargements - gv-antibes","isPartOf":{"@id":"https:\/\/gv-antibes.fr\/#website"},"datePublished":"2025-06-07T15:39:37+00:00","dateModified":"2026-01-18T09:50:22+00:00","breadcrumb":{"@id":"https:\/\/gv-antibes.fr\/index.php\/telechargements\/#breadcrumb"},"inLanguage":"fr-FR","potentialAction":[{"@type":"ReadAction","target":["https:\/\/gv-antibes.fr\/index.php\/telechargements\/"]}]},{"@type":"BreadcrumbList","@id":"https:\/\/gv-antibes.fr\/index.php\/telechargements\/#breadcrumb","itemListElement":[{"@type":"ListItem","position":1,"name":"Accueil","item":"https:\/\/gv-antibes.fr\/"},{"@type":"ListItem","position":2,"name":"T\u00e9l\u00e9chargements"}]},{"@type":"WebSite","@id":"https:\/\/gv-antibes.fr\/#website","url":"https:\/\/gv-antibes.fr\/","name":"GV-Antibes.fr","description":"Gymnastique Volontaire Antibes","publisher":{"@id":"https:\/\/gv-antibes.fr\/#organization"},"potentialAction":[{"@type":"SearchAction","target":{"@type":"EntryPoint","urlTemplate":"https:\/\/gv-antibes.fr\/?s={search_term_string}"},"query-input":{"@type":"PropertyValueSpecification","valueRequired":true,"valueName":"search_term_string"}}],"inLanguage":"fr-FR"},{"@type":"Organization","@id":"https:\/\/gv-antibes.fr\/#organization","name":"Gymnastique Volontaire Antibes","alternateName":"GV Antibes","url":"https:\/\/gv-antibes.fr\/","logo":{"@type":"ImageObject","inLanguage":"fr-FR","@id":"https:\/\/gv-antibes.fr\/#\/schema\/logo\/image\/","url":"https:\/\/gv-antibes.fr\/wp-content\/uploads\/2025\/06\/logo-transparent-png-scaled.png","contentUrl":"https:\/\/gv-antibes.fr\/wp-content\/uploads\/2025\/06\/logo-transparent-png-scaled.png","width":2531,"height":2560,"caption":"Gymnastique Volontaire Antibes"},"image":{"@id":"https:\/\/gv-antibes.fr\/#\/schema\/logo\/image\/"}}]}},"_links":{"self":[{"href":"https:\/\/gv-antibes.fr\/index.php\/wp-json\/wp\/v2\/pages\/91","targetHints":{"allow":["GET"]}}],"collection":[{"href":"https:\/\/gv-antibes.fr\/index.php\/wp-json\/wp\/v2\/pages"}],"about":[{"href":"https:\/\/gv-antibes.fr\/index.php\/wp-json\/wp\/v2\/types\/page"}],"author":[{"embeddable":true,"href":"https:\/\/gv-antibes.fr\/index.php\/wp-json\/wp\/v2\/users\/1"}],"replies":[{"embeddable":true,"href":"https:\/\/gv-antibes.fr\/index.php\/wp-json\/wp\/v2\/comments?post=91"}],"version-history":[{"count":58,"href":"https:\/\/gv-antibes.fr\/index.php\/wp-json\/wp\/v2\/pages\/91\/revisions"}],"predecessor-version":[{"id":706,"href":"https:\/\/gv-antibes.fr\/index.php\/wp-json\/wp\/v2\/pages\/91\/revisions\/706"}],"wp:attachment":[{"href":"https:\/\/gv-antibes.fr\/index.php\/wp-json\/wp\/v2\/media?parent=91"}],"curies":[{"name":"wp","href":"https:\/\/api.w.org\/{rel}","templated":true}]}}